{"id":1255,"date":"2021-01-15T10:01:46","date_gmt":"2021-01-15T09:01:46","guid":{"rendered":"https:\/\/preprod.rogu8078.odns.fr\/pagina-inicial\/"},"modified":"2022-06-17T18:02:45","modified_gmt":"2022-06-17T16:02:45","slug":"pagina-inicial","status":"publish","type":"page","link":"https:\/\/www.ideal-medical.com\/es\/","title":{"rendered":"P\u00e1gina inicial"},"content":{"rendered":"","protected":false},"excerpt":{"rendered":"","protected":false},"author":1,"featured_media":0,"parent":0,"menu_order":0,"comment_status":"closed","ping_status":"closed","template":"front-page.php","meta":{"_acf_changed":false,"footnotes":""},"class_list":["post-1255","page","type-page","status-publish","hentry"],"acf":[],"yoast_head":"<!-- This site is optimized with the Yoast SEO plugin v27.0 - https:\/\/yoast.com\/product\/yoast-seo-wordpress\/ -->\n<title>Ideal Medical Projects, la experiencia francesa al servicio de los proyectos internacionales.<\/title>\n<meta name=\"description\" content=\"Proporcionamos a nuestros clientes los an\u00e1lisis y documentos t\u00e9cnicos adaptados a la realizaci\u00f3n de sus necesidades, compatibles con una estrategia a largo plazo.\" \/>\n<meta name=\"robots\" content=\"index, follow, max-snippet:-1, max-image-preview:large, max-video-preview:-1\" \/>\n<link rel=\"canonical\" href=\"https:\/\/www.ideal-medical.com\/es\/\" \/>\n<meta property=\"og:locale\" content=\"es_ES\" \/>\n<meta property=\"og:type\" content=\"article\" \/>\n<meta property=\"og:title\" content=\"Ideal Medical Projects, la experiencia francesa al servicio de los proyectos internacionales.\" \/>\n<meta property=\"og:description\" content=\"Proporcionamos a nuestros clientes los an\u00e1lisis y documentos t\u00e9cnicos adaptados a la realizaci\u00f3n de sus necesidades, compatibles con una estrategia a largo plazo.\" \/>\n<meta property=\"og:url\" content=\"https:\/\/www.ideal-medical.com\/es\/\" \/>\n<meta property=\"og:site_name\" content=\"Ideal Medical Projects\" \/>\n<meta property=\"article:modified_time\" content=\"2022-06-17T16:02:45+00:00\" \/>\n<meta property=\"og:image\" content=\"https:\/\/www.ideal-medical.com\/wp-content\/uploads\/2020\/03\/medicine-163707.jpg\" \/>\n\t<meta property=\"og:image:width\" content=\"1920\" \/>\n\t<meta property=\"og:image:height\" content=\"1280\" \/>\n\t<meta property=\"og:image:type\" content=\"image\/jpeg\" \/>\n<meta name=\"twitter:card\" content=\"summary_large_image\" \/>\n<script type=\"application\/ld+json\" class=\"yoast-schema-graph\">{\"@context\":\"https:\/\/schema.org\",\"@graph\":[{\"@type\":\"WebPage\",\"@id\":\"https:\/\/www.ideal-medical.com\/es\/\",\"url\":\"https:\/\/www.ideal-medical.com\/es\/\",\"name\":\"Ideal Medical Projects, la experiencia francesa al servicio de los proyectos internacionales.\",\"isPartOf\":{\"@id\":\"https:\/\/www.ideal-medical.com\/es\/#website\"},\"datePublished\":\"2021-01-15T09:01:46+00:00\",\"dateModified\":\"2022-06-17T16:02:45+00:00\",\"description\":\"Proporcionamos a nuestros clientes los an\u00e1lisis y documentos t\u00e9cnicos adaptados a la realizaci\u00f3n de sus necesidades, compatibles con una estrategia a largo plazo.\",\"breadcrumb\":{\"@id\":\"https:\/\/www.ideal-medical.com\/es\/#breadcrumb\"},\"inLanguage\":\"es\",\"potentialAction\":[{\"@type\":\"ReadAction\",\"target\":[\"https:\/\/www.ideal-medical.com\/es\/\"]}]},{\"@type\":\"BreadcrumbList\",\"@id\":\"https:\/\/www.ideal-medical.com\/es\/#breadcrumb\",\"itemListElement\":[{\"@type\":\"ListItem\",\"position\":1,\"name\":\"Accueil\",\"item\":\"https:\/\/www.ideal-medical.com\/es\/\"},{\"@type\":\"ListItem\",\"position\":2,\"name\":\"P\u00e1gina inicial\"}]},{\"@type\":\"WebSite\",\"@id\":\"https:\/\/www.ideal-medical.com\/es\/#website\",\"url\":\"https:\/\/www.ideal-medical.com\/es\/\",\"name\":\"Ideal Medical Projects\",\"description\":\"Experto internacional en ingenier\u00eda biom\u00e9dica.\",\"publisher\":{\"@id\":\"https:\/\/www.ideal-medical.com\/es\/#organization\"},\"potentialAction\":[{\"@type\":\"SearchAction\",\"target\":{\"@type\":\"EntryPoint\",\"urlTemplate\":\"https:\/\/www.ideal-medical.com\/es\/?s={search_term_string}\"},\"query-input\":{\"@type\":\"PropertyValueSpecification\",\"valueRequired\":true,\"valueName\":\"search_term_string\"}}],\"inLanguage\":\"es\"},{\"@type\":\"Organization\",\"@id\":\"https:\/\/www.ideal-medical.com\/es\/#organization\",\"name\":\"IDEAL MEDICAL PROJECTS\",\"url\":\"https:\/\/www.ideal-medical.com\/es\/\",\"logo\":{\"@type\":\"ImageObject\",\"inLanguage\":\"es\",\"@id\":\"https:\/\/www.ideal-medical.com\/es\/#\/schema\/logo\/image\/\",\"url\":\"https:\/\/preprod.rogu8078.odns.fr\/wp-content\/uploads\/2020\/05\/ideal_medical_projects_logo_1_v2-scaled.jpg\",\"contentUrl\":\"https:\/\/preprod.rogu8078.odns.fr\/wp-content\/uploads\/2020\/05\/ideal_medical_projects_logo_1_v2-scaled.jpg\",\"width\":4417,\"height\":1397,\"caption\":\"IDEAL MEDICAL PROJECTS\"},\"image\":{\"@id\":\"https:\/\/www.ideal-medical.com\/es\/#\/schema\/logo\/image\/\"}}]}<\/script>\n<!-- \/ Yoast SEO plugin. -->","yoast_head_json":{"title":"Ideal Medical Projects, la experiencia francesa al servicio de los proyectos internacionales.","description":"Proporcionamos a nuestros clientes los an\u00e1lisis y documentos t\u00e9cnicos adaptados a la realizaci\u00f3n de sus necesidades, compatibles con una estrategia a largo plazo.","robots":{"index":"index","follow":"follow","max-snippet":"max-snippet:-1","max-image-preview":"max-image-preview:large","max-video-preview":"max-video-preview:-1"},"canonical":"https:\/\/www.ideal-medical.com\/es\/","og_locale":"es_ES","og_type":"article","og_title":"Ideal Medical Projects, la experiencia francesa al servicio de los proyectos internacionales.","og_description":"Proporcionamos a nuestros clientes los an\u00e1lisis y documentos t\u00e9cnicos adaptados a la realizaci\u00f3n de sus necesidades, compatibles con una estrategia a largo plazo.","og_url":"https:\/\/www.ideal-medical.com\/es\/","og_site_name":"Ideal Medical Projects","article_modified_time":"2022-06-17T16:02:45+00:00","og_image":[{"width":1920,"height":1280,"url":"https:\/\/www.ideal-medical.com\/wp-content\/uploads\/2020\/03\/medicine-163707.jpg","type":"image\/jpeg"}],"twitter_card":"summary_large_image","schema":{"@context":"https:\/\/schema.org","@graph":[{"@type":"WebPage","@id":"https:\/\/www.ideal-medical.com\/es\/","url":"https:\/\/www.ideal-medical.com\/es\/","name":"Ideal Medical Projects, la experiencia francesa al servicio de los proyectos internacionales.","isPartOf":{"@id":"https:\/\/www.ideal-medical.com\/es\/#website"},"datePublished":"2021-01-15T09:01:46+00:00","dateModified":"2022-06-17T16:02:45+00:00","description":"Proporcionamos a nuestros clientes los an\u00e1lisis y documentos t\u00e9cnicos adaptados a la realizaci\u00f3n de sus necesidades, compatibles con una estrategia a largo plazo.","breadcrumb":{"@id":"https:\/\/www.ideal-medical.com\/es\/#breadcrumb"},"inLanguage":"es","potentialAction":[{"@type":"ReadAction","target":["https:\/\/www.ideal-medical.com\/es\/"]}]},{"@type":"BreadcrumbList","@id":"https:\/\/www.ideal-medical.com\/es\/#breadcrumb","itemListElement":[{"@type":"ListItem","position":1,"name":"Accueil","item":"https:\/\/www.ideal-medical.com\/es\/"},{"@type":"ListItem","position":2,"name":"P\u00e1gina inicial"}]},{"@type":"WebSite","@id":"https:\/\/www.ideal-medical.com\/es\/#website","url":"https:\/\/www.ideal-medical.com\/es\/","name":"Ideal Medical Projects","description":"Experto internacional en ingenier\u00eda biom\u00e9dica.","publisher":{"@id":"https:\/\/www.ideal-medical.com\/es\/#organization"},"potentialAction":[{"@type":"SearchAction","target":{"@type":"EntryPoint","urlTemplate":"https:\/\/www.ideal-medical.com\/es\/?s={search_term_string}"},"query-input":{"@type":"PropertyValueSpecification","valueRequired":true,"valueName":"search_term_string"}}],"inLanguage":"es"},{"@type":"Organization","@id":"https:\/\/www.ideal-medical.com\/es\/#organization","name":"IDEAL MEDICAL PROJECTS","url":"https:\/\/www.ideal-medical.com\/es\/","logo":{"@type":"ImageObject","inLanguage":"es","@id":"https:\/\/www.ideal-medical.com\/es\/#\/schema\/logo\/image\/","url":"https:\/\/preprod.rogu8078.odns.fr\/wp-content\/uploads\/2020\/05\/ideal_medical_projects_logo_1_v2-scaled.jpg","contentUrl":"https:\/\/preprod.rogu8078.odns.fr\/wp-content\/uploads\/2020\/05\/ideal_medical_projects_logo_1_v2-scaled.jpg","width":4417,"height":1397,"caption":"IDEAL MEDICAL PROJECTS"},"image":{"@id":"https:\/\/www.ideal-medical.com\/es\/#\/schema\/logo\/image\/"}}]}},"_links":{"self":[{"href":"https:\/\/www.ideal-medical.com\/es\/wp-json\/wp\/v2\/pages\/1255","targetHints":{"allow":["GET"]}}],"collection":[{"href":"https:\/\/www.ideal-medical.com\/es\/wp-json\/wp\/v2\/pages"}],"about":[{"href":"https:\/\/www.ideal-medical.com\/es\/wp-json\/wp\/v2\/types\/page"}],"author":[{"embeddable":true,"href":"https:\/\/www.ideal-medical.com\/es\/wp-json\/wp\/v2\/users\/1"}],"replies":[{"embeddable":true,"href":"https:\/\/www.ideal-medical.com\/es\/wp-json\/wp\/v2\/comments?post=1255"}],"version-history":[{"count":6,"href":"https:\/\/www.ideal-medical.com\/es\/wp-json\/wp\/v2\/pages\/1255\/revisions"}],"predecessor-version":[{"id":1379,"href":"https:\/\/www.ideal-medical.com\/es\/wp-json\/wp\/v2\/pages\/1255\/revisions\/1379"}],"wp:attachment":[{"href":"https:\/\/www.ideal-medical.com\/es\/wp-json\/wp\/v2\/media?parent=1255"}],"curies":[{"name":"wp","href":"https:\/\/api.w.org\/{rel}","templated":true}]}}